{"id":2016,"date":"2022-11-14T09:29:37","date_gmt":"2022-11-14T09:29:37","guid":{"rendered":"https:\/\/www.mso2023.com\/?post_type=product&#038;p=2016"},"modified":"2023-02-21T22:47:47","modified_gmt":"2023-02-21T22:47:47","slug":"pack-platinium","status":"publish","type":"product","link":"https:\/\/www.mso2023.com\/it\/product\/pack-platinium\/","title":{"rendered":"Pack Platinium"},"content":{"rendered":"<p><strong><em>Formule d\u2019acc\u00e8s pluri prestations <\/em><\/strong><strong><em>\u00ab Platinium \u00bb<br \/>\n<\/em><\/strong><strong>Ce pack sp\u00e9cial Convention vous donne acc\u00e8s a\u0300 un certain nombre de prestations <\/strong><\/p>\n<ul>\n<li>\u00a0<strong>Cartable contenant votre kit Conf\u00e9rence.<\/strong><\/li>\n<\/ul>\n<p><strong>\u00a0<\/strong><\/p>\n<ul>\n<li>\u00a0<strong>Votre badge Platinum vous octroyant l\u2019acc\u00e8s a\u0300 : <\/strong><\/li>\n<\/ul>\n<p>o La C\u00e9r\u00e9monie d\u2019ouverture<br \/>\no Cocktail en l\u2019honneur du Pre\u0301sidents International Brian Sheehan<br \/>\no Toutes les conf\u00e9rences et tables rondes pour la dur\u00e9e de la Convention<\/p>\n<p>4 Pause-Caf\u00e9\u0301<br \/>\n2\u00a0 Lunches au Royal Tulipe<\/p>\n<ul>\n<li>Di\u0302ner Traditionnel du vendredi<\/li>\n<li>Di\u0302ner de Gala du samedi<\/li>\n<\/ul>\n<p>o L\u2019opportunit\u00e9\u0301 de rencontrer les Officiels Internationaux<br \/>\no Un acc\u00e8s aux pr\u00e9sentations du Concours Innove Service<br \/>\no R\u00e9ductions substantielles sur un certain nombre d\u2019activit\u00e9s dans la ville de Tanger pour la dur\u00e9e de la Convention<br \/>\no Participation a\u0300 l\u2019Atelier de Jumelage<br \/>\no Transferts assur\u00e9s entre les diff\u00e9rents sites et h\u00f4tels des Conf\u00e9rences o Access \u00e0 la C\u00e9r\u00e9monie de Cl\u00f4ture<\/p>","protected":false},"excerpt":{"rendered":"<p>Formule d\u2019acc\u00e8s pluri prestations \u00ab&hellip;<\/p>","protected":false},"featured_media":2541,"comment_status":"open","ping_status":"closed","template":"","meta":[],"product_cat":[112],"product_tag":[],"class_list":{"0":"post-2016","1":"product","2":"type-product","3":"status-publish","4":"has-post-thumbnail","6":"product_cat-pack-maroccain","8":"first","9":"outofstock","10":"sale","11":"shipping-taxable","12":"purchasable","13":"product-type-simple","14":"thumb-no-effect","15":"prod-rating-on"},"_links":{"self":[{"href":"https:\/\/www.mso2023.com\/it\/wp-json\/wp\/v2\/product\/2016","targetHints":{"allow":["GET"]}}],"collection":[{"href":"https:\/\/www.mso2023.com\/it\/wp-json\/wp\/v2\/product"}],"about":[{"href":"https:\/\/www.mso2023.com\/it\/wp-json\/wp\/v2\/types\/product"}],"replies":[{"embeddable":true,"href":"https:\/\/www.mso2023.com\/it\/wp-json\/wp\/v2\/comments?post=2016"}],"wp:featuredmedia":[{"embeddable":true,"href":"https:\/\/www.mso2023.com\/it\/wp-json\/wp\/v2\/media\/2541"}],"wp:attachment":[{"href":"https:\/\/www.mso2023.com\/it\/wp-json\/wp\/v2\/media?parent=2016"}],"wp:term":[{"taxonomy":"product_cat","embeddable":true,"href":"https:\/\/www.mso2023.com\/it\/wp-json\/wp\/v2\/product_cat?post=2016"},{"taxonomy":"product_tag","embeddable":true,"href":"https:\/\/www.mso2023.com\/it\/wp-json\/wp\/v2\/product_tag?post=2016"}],"curies":[{"name":"wp","href":"https:\/\/api.w.org\/{rel}","templated":true}]}}