{"id":1270,"date":"2022-08-17T02:19:49","date_gmt":"2022-08-17T02:19:49","guid":{"rendered":"https:\/\/www.mso2023.com\/?post_type=product&#038;p=1270"},"modified":"2023-02-21T22:49:04","modified_gmt":"2023-02-21T22:49:04","slug":"hop-on-hop-off","status":"publish","type":"product","link":"https:\/\/www.mso2023.com\/it\/product\/hop-on-hop-off\/","title":{"rendered":"Hop On Hop Off"},"content":{"rendered":"<p><strong>TANGIER CITY TOUR INFORMAZIONI SULL'AUTOBUS TURISTICO<\/strong><\/p>\n<p>Tanger City Tour \u00e8 l'autobus turistico ufficiale di questa meravigliosa citt\u00e0 marocchina.  \nDal piano superiore avrai la migliore vista panoramica con il massimo comfort.<\/p>\n<p style=\"text-align: left;\"><strong>1. TOUR DELLA CITT\u00c0 DI TANGERI\u00a0\u00a0<\/strong><\/p>\n<p>Le\u00a0<a href=\"https:\/\/tanger.city-tour.com\/fr\/circuits-bus-touristique-tanger\/ruta-tanger-ville\">Circuit Tanger Ville<\/a>\u00a0\u00e8 un itinerario nel centro della citt\u00e0 di Tangeri alla scoperta dei luoghi pi\u00f9 emblematici della citt\u00e0, dalla medina alla parte moderna e alla citt\u00e0 internazionale.  Si compone di 11 fermate, con partenza e arrivo dal Porto di Tangeri.<\/p>\n<p><strong>2. CIRCUITO ESPARTEL<\/strong><\/p>\n<p>Le\u00a0<a href=\"https:\/\/tanger.city-tour.com\/fr\/circuits-bus-touristique-tanger\/ruta-tour-espartel\">Circuit Espartel<\/a>\u00a0\u00e8 un percorso intorno alla citt\u00e0, partendo dal porto di Tangeri e attraversando aree boschive per farti scoprire il famoso Capo Spartel situato alla confluenza dell'Oceano Atlantico e del Mar Mediterraneo e le grotte\u00a0di\u00a0Ercole.<\/p>\n<p>&nbsp;<\/p>\n<p><img loading=\"lazy\" decoding=\"async\" class=\"alignnone size-medium wp-image-1556\" src=\"https:\/\/www.mso2023.com\/wp-content\/uploads\/2022\/08\/diagrama-ruta-1_tanger-ville-min-300x151.jpg\" alt=\"\" width=\"300\" height=\"151\" srcset=\"https:\/\/www.mso2023.com\/wp-content\/uploads\/2022\/08\/diagrama-ruta-1_tanger-ville-min-300x151.jpg 300w, https:\/\/www.mso2023.com\/wp-content\/uploads\/2022\/08\/diagrama-ruta-1_tanger-ville-min-18x9.jpg 18w, https:\/\/www.mso2023.com\/wp-content\/uploads\/2022\/08\/diagrama-ruta-1_tanger-ville-min.jpg 498w\" sizes=\"auto, (max-width: 300px) 100vw, 300px\" \/> <img loading=\"lazy\" decoding=\"async\" class=\"alignnone size-medium wp-image-1557\" src=\"https:\/\/www.mso2023.com\/wp-content\/uploads\/2022\/08\/diagrama-ruta-2_cap-spartel-min-1-300x151.jpg\" alt=\"\" width=\"300\" height=\"151\" srcset=\"https:\/\/www.mso2023.com\/wp-content\/uploads\/2022\/08\/diagrama-ruta-2_cap-spartel-min-1-300x151.jpg 300w, https:\/\/www.mso2023.com\/wp-content\/uploads\/2022\/08\/diagrama-ruta-2_cap-spartel-min-1-18x9.jpg 18w, https:\/\/www.mso2023.com\/wp-content\/uploads\/2022\/08\/diagrama-ruta-2_cap-spartel-min-1.jpg 498w\" sizes=\"auto, (max-width: 300px) 100vw, 300px\" \/><\/p>","protected":false},"excerpt":{"rendered":"<p>INFORMATIONS BUS TOURISTIQUE TANGER CITY&hellip;<\/p>","protected":false},"featured_media":1588,"comment_status":"open","ping_status":"closed","template":"","meta":[],"product_cat":[100,101],"product_tag":[],"class_list":{"0":"post-1270","1":"product","2":"type-product","3":"status-publish","4":"has-post-thumbnail","6":"product_cat-activites","7":"product_cat-experience","9":"first","10":"outofstock","11":"shipping-taxable","12":"purchasable","13":"product-type-simple","14":"thumb-no-effect","15":"prod-rating-on"},"_links":{"self":[{"href":"https:\/\/www.mso2023.com\/it\/wp-json\/wp\/v2\/product\/1270","targetHints":{"allow":["GET"]}}],"collection":[{"href":"https:\/\/www.mso2023.com\/it\/wp-json\/wp\/v2\/product"}],"about":[{"href":"https:\/\/www.mso2023.com\/it\/wp-json\/wp\/v2\/types\/product"}],"replies":[{"embeddable":true,"href":"https:\/\/www.mso2023.com\/it\/wp-json\/wp\/v2\/comments?post=1270"}],"wp:featuredmedia":[{"embeddable":true,"href":"https:\/\/www.mso2023.com\/it\/wp-json\/wp\/v2\/media\/1588"}],"wp:attachment":[{"href":"https:\/\/www.mso2023.com\/it\/wp-json\/wp\/v2\/media?parent=1270"}],"wp:term":[{"taxonomy":"product_cat","embeddable":true,"href":"https:\/\/www.mso2023.com\/it\/wp-json\/wp\/v2\/product_cat?post=1270"},{"taxonomy":"product_tag","embeddable":true,"href":"https:\/\/www.mso2023.com\/it\/wp-json\/wp\/v2\/product_tag?post=1270"}],"curies":[{"name":"wp","href":"https:\/\/api.w.org\/{rel}","templated":true}]}}