{"id":1267,"date":"2022-08-17T02:19:48","date_gmt":"2022-08-17T02:19:48","guid":{"rendered":"https:\/\/www.mso2023.com\/?post_type=product&#038;p=1267"},"modified":"2023-02-21T22:49:05","modified_gmt":"2023-02-21T22:49:05","slug":"tanger-quad-tours","status":"publish","type":"product","link":"https:\/\/www.mso2023.com\/it\/product\/tanger-quad-tours\/","title":{"rendered":"Tour in quad di Tangeri"},"content":{"rendered":"<p>Tanger Quad Tours \u00e8 un'agenzia specializzata in escursioni e gite in quad.<\/p>\n<p>Con sede a Bni Wassine, a 15 minuti dal centro della citt\u00e0 di Tangeri, con una lunga esperienza nella citt\u00e0 di Tetouan, il team Tanger Quad Tours mira a realizzare la stessa impresa nella citt\u00e0 di Tangeri!<\/p>\n<p>Una nuova bellissima avventura appena\u00a0iniziata!<\/p>","protected":false},"excerpt":{"rendered":"<p>Tanger Quad Tours\u00a0est une agence&hellip;<\/p>","protected":false},"featured_media":1344,"comment_status":"open","ping_status":"closed","template":"","meta":[],"product_cat":[100,102],"product_tag":[],"class_list":{"0":"post-1267","1":"product","2":"type-product","3":"status-publish","4":"has-post-thumbnail","6":"product_cat-activites","7":"product_cat-sports-et-loisirs","9":"first","10":"outofstock","11":"shipping-taxable","12":"purchasable","13":"product-type-simple","14":"thumb-has-effect","15":"prod-rating-on"},"_links":{"self":[{"href":"https:\/\/www.mso2023.com\/it\/wp-json\/wp\/v2\/product\/1267","targetHints":{"allow":["GET"]}}],"collection":[{"href":"https:\/\/www.mso2023.com\/it\/wp-json\/wp\/v2\/product"}],"about":[{"href":"https:\/\/www.mso2023.com\/it\/wp-json\/wp\/v2\/types\/product"}],"replies":[{"embeddable":true,"href":"https:\/\/www.mso2023.com\/it\/wp-json\/wp\/v2\/comments?post=1267"}],"wp:featuredmedia":[{"embeddable":true,"href":"https:\/\/www.mso2023.com\/it\/wp-json\/wp\/v2\/media\/1344"}],"wp:attachment":[{"href":"https:\/\/www.mso2023.com\/it\/wp-json\/wp\/v2\/media?parent=1267"}],"wp:term":[{"taxonomy":"product_cat","embeddable":true,"href":"https:\/\/www.mso2023.com\/it\/wp-json\/wp\/v2\/product_cat?post=1267"},{"taxonomy":"product_tag","embeddable":true,"href":"https:\/\/www.mso2023.com\/it\/wp-json\/wp\/v2\/product_tag?post=1267"}],"curies":[{"name":"wp","href":"https:\/\/api.w.org\/{rel}","templated":true}]}}