{"id":1266,"date":"2022-08-17T02:19:48","date_gmt":"2022-08-17T02:19:48","guid":{"rendered":"https:\/\/www.mso2023.com\/?post_type=product&#038;p=1266"},"modified":"2023-02-21T22:49:05","modified_gmt":"2023-02-21T22:49:05","slug":"royal-country-club-de-tanger","status":"publish","type":"product","link":"https:\/\/www.mso2023.com\/it\/product\/royal-country-club-de-tanger\/","title":{"rendered":"ROYAL COUNTRY CLUB DI TANGERI"},"content":{"rendered":"<p><strong>Tanger golf club<\/strong><br \/>\nEn 1897, le premier club de golf a \u00e9t\u00e9 fond\u00e9 au Maroc sous le nom de \u00ab Tanger golf club \u00bb.<br \/>\nC\u2019est le premier golf du bassin m\u00e9diterran\u00e9en et l\u2019un des plus anciens d\u2019Afrique.<br \/>\nCe golf centenaire est class\u00e9 patrimoine national du Maroc, il est situ\u00e9 en plein centre-ville et s\u2019\u00e9tend sur une superficie de 65 hectares agr\u00e9ment\u00e9s de for\u00eats de sapins et eucalyptus. Un cite \u00e0 ne pas manquer. Le Royal club golf de Tanger offre un jeu de qualit\u00e9 dans un cadre naturel et authentique.<\/p>\n<p>Une vraie satisfaction pour les golfeurs.<br \/>\nParcours : 18 trous \u2013 par 72 de 6028 m\u00e8tres.<\/p>","protected":false},"excerpt":{"rendered":"<p>Tanger golf club En 1897,&hellip;<\/p>","protected":false},"featured_media":1347,"comment_status":"open","ping_status":"closed","template":"","meta":[],"product_cat":[100,102],"product_tag":[],"class_list":{"0":"post-1266","1":"product","2":"type-product","3":"status-publish","4":"has-post-thumbnail","6":"product_cat-activites","7":"product_cat-sports-et-loisirs","9":"first","10":"outofstock","11":"shipping-taxable","12":"purchasable","13":"product-type-simple","14":"thumb-has-effect","15":"prod-rating-on"},"_links":{"self":[{"href":"https:\/\/www.mso2023.com\/it\/wp-json\/wp\/v2\/product\/1266","targetHints":{"allow":["GET"]}}],"collection":[{"href":"https:\/\/www.mso2023.com\/it\/wp-json\/wp\/v2\/product"}],"about":[{"href":"https:\/\/www.mso2023.com\/it\/wp-json\/wp\/v2\/types\/product"}],"replies":[{"embeddable":true,"href":"https:\/\/www.mso2023.com\/it\/wp-json\/wp\/v2\/comments?post=1266"}],"wp:featuredmedia":[{"embeddable":true,"href":"https:\/\/www.mso2023.com\/it\/wp-json\/wp\/v2\/media\/1347"}],"wp:attachment":[{"href":"https:\/\/www.mso2023.com\/it\/wp-json\/wp\/v2\/media?parent=1266"}],"wp:term":[{"taxonomy":"product_cat","embeddable":true,"href":"https:\/\/www.mso2023.com\/it\/wp-json\/wp\/v2\/product_cat?post=1266"},{"taxonomy":"product_tag","embeddable":true,"href":"https:\/\/www.mso2023.com\/it\/wp-json\/wp\/v2\/product_tag?post=1266"}],"curies":[{"name":"wp","href":"https:\/\/api.w.org\/{rel}","templated":true}]}}