{"id":1263,"date":"2022-08-17T02:19:48","date_gmt":"2022-08-17T02:19:48","guid":{"rendered":"https:\/\/www.mso2023.com\/?post_type=product&#038;p=1263"},"modified":"2023-02-21T22:49:04","modified_gmt":"2023-02-21T22:49:04","slug":"visite-guidee-a-tetouan","status":"publish","type":"product","link":"https:\/\/www.mso2023.com\/it\/product\/visite-guidee-a-tetouan\/","title":{"rendered":"Visita guidata a Tetouan"},"content":{"rendered":"<p>Chiamata \"Colomba bianca\" o \"Figlia di Granada\", la citt\u00e0 di Tetouan offre ai suoi visitatori fascino e splendore. Distesa lungo le rive del Mediterraneo e dotata di un favoloso entroterra, Tetouan offre un ambiente meraviglioso per gli appassionati di fotografia e di storia perch\u00e9 la citt\u00e0 \u00e8 stata a lungo un luogo di incontro di diverse religioni e culture. , andaluso, ottomano, arabo-berbero ed europeo.<\/p>","protected":false},"excerpt":{"rendered":"<p>App\u00e9l\u00e9e \u201cColombe blanche\u201d ou \u201cFille&hellip;<\/p>","protected":false},"featured_media":1317,"comment_status":"open","ping_status":"closed","template":"","meta":[],"product_cat":[100,101],"product_tag":[],"class_list":{"0":"post-1263","1":"product","2":"type-product","3":"status-publish","4":"has-post-thumbnail","6":"product_cat-activites","7":"product_cat-experience","9":"first","10":"outofstock","11":"shipping-taxable","12":"purchasable","13":"product-type-simple","14":"thumb-no-effect","15":"prod-rating-on"},"_links":{"self":[{"href":"https:\/\/www.mso2023.com\/it\/wp-json\/wp\/v2\/product\/1263","targetHints":{"allow":["GET"]}}],"collection":[{"href":"https:\/\/www.mso2023.com\/it\/wp-json\/wp\/v2\/product"}],"about":[{"href":"https:\/\/www.mso2023.com\/it\/wp-json\/wp\/v2\/types\/product"}],"replies":[{"embeddable":true,"href":"https:\/\/www.mso2023.com\/it\/wp-json\/wp\/v2\/comments?post=1263"}],"wp:featuredmedia":[{"embeddable":true,"href":"https:\/\/www.mso2023.com\/it\/wp-json\/wp\/v2\/media\/1317"}],"wp:attachment":[{"href":"https:\/\/www.mso2023.com\/it\/wp-json\/wp\/v2\/media?parent=1263"}],"wp:term":[{"taxonomy":"product_cat","embeddable":true,"href":"https:\/\/www.mso2023.com\/it\/wp-json\/wp\/v2\/product_cat?post=1263"},{"taxonomy":"product_tag","embeddable":true,"href":"https:\/\/www.mso2023.com\/it\/wp-json\/wp\/v2\/product_tag?post=1263"}],"curies":[{"name":"wp","href":"https:\/\/api.w.org\/{rel}","templated":true}]}}