{"id":2622,"date":"2022-12-13T10:40:17","date_gmt":"2022-12-13T10:40:17","guid":{"rendered":"https:\/\/www.mso2023.com\/?post_type=product&#038;p=2622"},"modified":"2022-12-13T10:40:17","modified_gmt":"2022-12-13T10:40:17","slug":"hotel","status":"publish","type":"product","link":"https:\/\/www.mso2023.com\/en\/product\/hotel\/","title":{"rendered":"Hotel"},"content":{"rendered":"<p>Sert \u00e0 dire que la personne \u00e0 prit un h\u00f4tel en dehors du syst\u00e8me<\/p>","protected":false},"excerpt":{"rendered":"<p>Sert \u00e0 dire que la&hellip;<\/p>","protected":false},"featured_media":0,"comment_status":"open","ping_status":"closed","template":"","meta":[],"product_cat":[125],"product_tag":[],"class_list":{"0":"post-2622","1":"product","2":"type-product","3":"status-publish","5":"product_cat-admin","7":"first","8":"instock","9":"shipping-taxable","10":"purchasable","11":"product-type-simple","12":"thumb-no-effect","13":"prod-rating-on"},"_links":{"self":[{"href":"https:\/\/www.mso2023.com\/en\/wp-json\/wp\/v2\/product\/2622","targetHints":{"allow":["GET"]}}],"collection":[{"href":"https:\/\/www.mso2023.com\/en\/wp-json\/wp\/v2\/product"}],"about":[{"href":"https:\/\/www.mso2023.com\/en\/wp-json\/wp\/v2\/types\/product"}],"replies":[{"embeddable":true,"href":"https:\/\/www.mso2023.com\/en\/wp-json\/wp\/v2\/comments?post=2622"}],"wp:attachment":[{"href":"https:\/\/www.mso2023.com\/en\/wp-json\/wp\/v2\/media?parent=2622"}],"wp:term":[{"taxonomy":"product_cat","embeddable":true,"href":"https:\/\/www.mso2023.com\/en\/wp-json\/wp\/v2\/product_cat?post=2622"},{"taxonomy":"product_tag","embeddable":true,"href":"https:\/\/www.mso2023.com\/en\/wp-json\/wp\/v2\/product_tag?post=2622"}],"curies":[{"name":"wp","href":"https:\/\/api.w.org\/{rel}","templated":true}]}}