{"id":2014,"date":"2022-11-14T09:25:41","date_gmt":"2022-11-14T09:25:41","guid":{"rendered":"https:\/\/www.mso2023.com\/?post_type=product&#038;p=2014"},"modified":"2023-02-21T22:47:47","modified_gmt":"2023-02-21T22:47:47","slug":"pack-silver","status":"publish","type":"product","link":"https:\/\/www.mso2023.com\/en\/product\/pack-silver\/","title":{"rendered":"Pack Silver"},"content":{"rendered":"<p><strong><em>Formule d\u2019acc\u00e8s pluri prestations <\/em><\/strong><strong><em>\u00ab Silver \u00bb<br \/>\n<\/em><\/strong><strong>Ce pack sp\u00e9cial Convention vous donne acc\u00e8s a\u0300 un certain nombre de Prestations qui sont les suivantes : <\/strong><\/p>\n<ul>\n<li>\u00b7\u00a01 <strong>Binder containing your conference kit. <\/strong><\/li>\n<li>\u00b7 \u00a0<strong>Votre badge vous octroyant l\u2019acc\u00e8s a\u0300 : <\/strong><\/li>\n<\/ul>\n<p>o La C\u00e9r\u00e9monie d\u2019ouverture<br \/>\no Cocktail en l\u2019honneur du Pre\u0301sidents International Brian Sheehan<br \/>\no Toutes les conf\u00e9rences et tables rondes pour la dur\u00e9e de la<\/p>\n<p>Convention<br \/>\no 4 Pause-Caf\u00e9\u0301<br \/>\no L\u2019opportunit\u00e9\u0301 de rencontrer les Officiels Internationaux lors du cocktail de bienvenue<br \/>\no Un acc\u00e8s a\u0300 la pr\u00e9sentation du Concours Innove Service<br \/>\no R\u00e9ductions substantielles sur plusieurs activit\u00e9s dans la ville de Tanger pour toute la dur\u00e9e de la Convention<\/p>\n<p>o Ce\u0301re\u0301monie de clo\u0302ture<\/p>","protected":false},"excerpt":{"rendered":"<p>Formule d\u2019acc\u00e8s pluri prestations \u00ab&hellip;<\/p>","protected":false},"featured_media":2539,"comment_status":"open","ping_status":"closed","template":"","meta":[],"product_cat":[112],"product_tag":[],"class_list":{"0":"post-2014","1":"product","2":"type-product","3":"status-publish","4":"has-post-thumbnail","6":"product_cat-pack-maroccain","8":"first","9":"outofstock","10":"sale","11":"shipping-taxable","12":"purchasable","13":"product-type-simple","14":"thumb-no-effect","15":"prod-rating-on"},"_links":{"self":[{"href":"https:\/\/www.mso2023.com\/en\/wp-json\/wp\/v2\/product\/2014","targetHints":{"allow":["GET"]}}],"collection":[{"href":"https:\/\/www.mso2023.com\/en\/wp-json\/wp\/v2\/product"}],"about":[{"href":"https:\/\/www.mso2023.com\/en\/wp-json\/wp\/v2\/types\/product"}],"replies":[{"embeddable":true,"href":"https:\/\/www.mso2023.com\/en\/wp-json\/wp\/v2\/comments?post=2014"}],"wp:featuredmedia":[{"embeddable":true,"href":"https:\/\/www.mso2023.com\/en\/wp-json\/wp\/v2\/media\/2539"}],"wp:attachment":[{"href":"https:\/\/www.mso2023.com\/en\/wp-json\/wp\/v2\/media?parent=2014"}],"wp:term":[{"taxonomy":"product_cat","embeddable":true,"href":"https:\/\/www.mso2023.com\/en\/wp-json\/wp\/v2\/product_cat?post=2014"},{"taxonomy":"product_tag","embeddable":true,"href":"https:\/\/www.mso2023.com\/en\/wp-json\/wp\/v2\/product_tag?post=2014"}],"curies":[{"name":"wp","href":"https:\/\/api.w.org\/{rel}","templated":true}]}}